{"id":1372,"date":"2020-06-21T19:57:37","date_gmt":"2020-06-21T19:57:37","guid":{"rendered":"https:\/\/jesuitastarahumara.org\/?page_id=1372"},"modified":"2020-06-28T02:31:58","modified_gmt":"2020-06-28T02:31:58","slug":"museo-loyola","status":"publish","type":"page","link":"https:\/\/cacstac.org\/en\/museo-loyola\/","title":{"rendered":"Museo Loyola"},"content":{"rendered":"<div data-elementor-type=\"wp-page\" data-elementor-id=\"1372\" class=\"elementor elementor-1372\">\n\t\t\t\t\t\t<section class=\"elementor-section elementor-top-section elementor-element elementor-element-375226b elementor-section-boxed elementor-section-height-default elementor-section-height-default\" data-id=\"375226b\" data-element_type=\"section\" data-e-type=\"section\">\n\t\t\t\t\t\t<div class=\"elementor-container elementor-column-gap-default\">\n\t\t\t\t\t<div class=\"elementor-column elementor-col-100 elementor-top-column elementor-element elementor-element-f31e069\" data-id=\"f31e069\" data-element_type=\"column\" data-e-type=\"column\">\n\t\t\t<div class=\"elementor-widget-wrap elementor-element-populated\">\n\t\t\t\t\t\t<div class=\"elementor-element elementor-element-e672abd elementor-widget elementor-widget-spacer\" data-id=\"e672abd\" data-element_type=\"widget\" data-e-type=\"widget\" data-widget_type=\"spacer.default\">\n\t\t\t\t<div class=\"elementor-widget-container\">\n\t\t\t\t\t\t\t<div class=\"elementor-spacer\">\n\t\t\t<div class=\"elementor-spacer-inner\"><\/div>\n\t\t<\/div>\n\t\t\t\t\t\t<\/div>\n\t\t\t\t<\/div>\n\t\t\t\t<div class=\"elementor-element elementor-element-ed2989e elementor-widget elementor-widget-heading\" data-id=\"ed2989e\" data-element_type=\"widget\" data-e-type=\"widget\" data-widget_type=\"heading.default\">\n\t\t\t\t<div class=\"elementor-widget-container\">\n\t\t\t\t\t<h2 class=\"elementor-heading-title elementor-size-default\">Museo Loyola<\/h2>\t\t\t\t<\/div>\n\t\t\t\t<\/div>\n\t\t\t\t<div class=\"elementor-element elementor-element-b2c7489 elementor-widget elementor-widget-video\" data-id=\"b2c7489\" data-element_type=\"widget\" data-e-type=\"widget\" data-settings=\"{&quot;video_type&quot;:&quot;hosted&quot;,&quot;autoplay&quot;:&quot;yes&quot;,&quot;controls&quot;:&quot;yes&quot;}\" data-widget_type=\"video.default\">\n\t\t\t\t<div class=\"elementor-widget-container\">\n\t\t\t\t\t\t\t<div class=\"e-hosted-video elementor-wrapper elementor-open-inline\">\n\t\t\t\t\t<video class=\"elementor-video\" src=\"https:\/\/338.c7b.myftpupload.com\/wp-content\/uploads\/2020\/06\/Museo-Loyola-2.mp4\" autoplay=\"\" controls=\"\" controlslist=\"nodownload\"><\/video>\n\t\t\t\t<\/div>\n\t\t\t\t\t\t<\/div>\n\t\t\t\t<\/div>\n\t\t\t\t<div class=\"elementor-element elementor-element-f31f2fb elementor-widget elementor-widget-text-editor\" data-id=\"f31f2fb\" data-element_type=\"widget\" data-e-type=\"widget\" data-widget_type=\"text-editor.default\">\n\t\t\t\t<div class=\"elementor-widget-container\">\n\t\t\t\t\t\t\t\t\t<p><strong><br \/>Museo Loyola en Cusarare: LUGAR DE AGUILAS (De &#8220;cus\u00e1&#8221;: \u00e1guila)<\/strong><\/p><p>El templo original de Cusrare, mucho m\u00e1s peque\u00f1o que la construcci\u00f3n actual, fue construido en 1741 por los Padres Jesuitas y dedicado a los &#8220;Cinco Se\u00f1ores Santos&#8221;: Jes\u00fas, Mar\u00eda, Jos\u00e9, Joaqu\u00edn y Ana, representados en la pintura original en el lado izquierdo del altar.<\/p><p>En 1826 el edificio fue ampliado al tama\u00f1o y forma actual por el Fraile Franciscano F\u00e9lix Merino. Este mismo Fraile adquiri\u00f3 una maravillosa serie de 12 pinturas al \u00f3leo que el artista Miguel Correa pint\u00f3 en 1713.<\/p><p>Estos \u00f3leos representan 12 escenas de la vida de Mar\u00eda, desde su nacimiento hasta Pentecost\u00e9s, que Fray Merino debi\u00f3 usar con fines catequ\u00e9ticos, mismos que se encontraban en muy mal estado para el a\u00f1o 1969, fecha en que se colaps\u00f3 la torre de adobe del campanario y se derrumb\u00f3 la esquina del edificio.<\/p><p>De 1971 a 1973 el Templo fue reconstruido y el interior fue decorado con nuevos dise\u00f1os tarahumara. El Padre Luis G. Verplancken SJ se hizo cargo de toda la reconstrucci\u00f3n de edificio, y a partir de1973 inici\u00f3 la b\u00fasqueda de profesionales que llevaran a cabo la restauraci\u00f3n de las pinturas.<\/p><p>No fue sino hasta el a\u00f1o de 1993 cuando Jan Coufal y Hubert Cepissak, checo y eslovaco, respectivamente, realizaron la restauraci\u00f3n de cinco de los doce \u00f3leos que anteriormente se encontraban en el Templo de Cus\u00e1rare. Solamente en la restauraci\u00f3n de estas cinco obras emplearon 1250 horas de trabajo.<\/p><p>Cuatro a\u00f1os despu\u00e9s volvieron con un grupo m\u00e1s numeroso de profesionales y restauraron el resto de los \u00f3leos de Miguel Correa.<\/p><p>En 1999 y 2002 regresaron de nuevo los artistas eslovacos y restauraron otras obras que se consiguieron para el Museo.<\/p><p>Se pretende mostrar el trabajo que se ha realizado en estas obras de Arte Sacro que se encontraban en el olvido y que ahora se conservan en el Museo Loyola para ser admiradas por la posteridad.<\/p><p>La generosidad de los benefactores que aparecen en las placas del vest\u00edbulo del Museo Loyola, hizo posible la construcci\u00f3n del edificio para resguardo y disfrute de las Obras de Arte que alberga. Esperamos que usted logre apreciar la labor que con tanto esfuerzo hemos realizado.<\/p><p>\u00a0<\/p>\t\t\t\t\t\t\t\t<\/div>\n\t\t\t\t<\/div>\n\t\t\t\t\t<\/div>\n\t\t<\/div>\n\t\t\t\t\t<\/div>\n\t\t<\/section>\n\t\t\t\t<\/div>","protected":false},"excerpt":{"rendered":"<p>Museo Loyola https:\/\/cacstac.org\/wp-content\/uploads\/2020\/06\/Museo-Loyola-2.mp4 Museo Loyola en Cusarare: LUGAR DE AGUILAS (De &#8220;cus\u00e1&#8221;: \u00e1guila) El templo original de Cusrare, mucho m\u00e1s peque\u00f1o que la construcci\u00f3n actual, fue construido en 1741 por los Padres Jesuitas y dedicado a los &#8220;Cinco Se\u00f1ores Santos&#8221;: Jes\u00fas, Mar\u00eda, Jos\u00e9, Joaqu\u00edn y Ana, representados en la pintura original en el lado izquierdo [&hellip;]<\/p>\n","protected":false},"author":1,"featured_media":0,"parent":0,"menu_order":0,"comment_status":"closed","ping_status":"closed","template":"","meta":{"give_campaign_id":0,"site-sidebar-layout":"no-sidebar","site-content-layout":"page-builder","ast-site-content-layout":"default","site-content-style":"default","site-sidebar-style":"default","ast-global-header-display":"","ast-banner-title-visibility":"","ast-main-header-display":"","ast-hfb-above-header-display":"","ast-hfb-below-header-display":"","ast-hfb-mobile-header-display":"","site-post-title":"disabled","ast-breadcrumbs-content":"","ast-featured-img":"disabled","footer-sml-layout":"","ast-disable-related-posts":"","theme-transparent-header-meta":"default","adv-header-id-meta":"","stick-header-meta":"","header-above-stick-meta":"","header-main-stick-meta":"","header-below-stick-meta":"","astra-migrate-meta-layouts":"default","ast-page-background-enabled":"default","ast-page-background-meta":{"desktop":{"background-color":"","background-image":"","background-repeat":"repeat","background-position":"center center","background-size":"auto","background-attachment":"scroll","background-type":"","background-media":"","overlay-type":"","overlay-color":"","overlay-opacity":"","overlay-gradient":""},"tablet":{"background-color":"","background-image":"","background-repeat":"repeat","background-position":"center center","background-size":"auto","background-attachment":"scroll","background-type":"","background-media":"","overlay-type":"","overlay-color":"","overlay-opacity":"","overlay-gradient":""},"mobile":{"background-color":"","background-image":"","background-repeat":"repeat","background-position":"center center","background-size":"auto","background-attachment":"scroll","background-type":"","background-media":"","overlay-type":"","overlay-color":"","overlay-opacity":"","overlay-gradient":""}},"ast-content-background-meta":{"desktop":{"background-color":"var(--ast-global-color-5)","background-image":"","background-repeat":"repeat","background-position":"center center","background-size":"auto","background-attachment":"scroll","background-type":"","background-media":"","overlay-type":"","overlay-color":"","overlay-opacity":"","overlay-gradient":""},"tablet":{"background-color":"var(--ast-global-color-5)","background-image":"","background-repeat":"repeat","background-position":"center center","background-size":"auto","background-attachment":"scroll","background-type":"","background-media":"","overlay-type":"","overlay-color":"","overlay-opacity":"","overlay-gradient":""},"mobile":{"background-color":"var(--ast-global-color-5)","background-image":"","background-repeat":"repeat","background-position":"center center","background-size":"auto","background-attachment":"scroll","background-type":"","background-media":"","overlay-type":"","overlay-color":"","overlay-opacity":"","overlay-gradient":""}},"footnotes":""},"class_list":["post-1372","page","type-page","status-publish","hentry"],"campaignId":"","_links":{"self":[{"href":"https:\/\/cacstac.org\/en\/wp-json\/wp\/v2\/pages\/1372","targetHints":{"allow":["GET"]}}],"collection":[{"href":"https:\/\/cacstac.org\/en\/wp-json\/wp\/v2\/pages"}],"about":[{"href":"https:\/\/cacstac.org\/en\/wp-json\/wp\/v2\/types\/page"}],"author":[{"embeddable":true,"href":"https:\/\/cacstac.org\/en\/wp-json\/wp\/v2\/users\/1"}],"replies":[{"embeddable":true,"href":"https:\/\/cacstac.org\/en\/wp-json\/wp\/v2\/comments?post=1372"}],"version-history":[{"count":10,"href":"https:\/\/cacstac.org\/en\/wp-json\/wp\/v2\/pages\/1372\/revisions"}],"predecessor-version":[{"id":1437,"href":"https:\/\/cacstac.org\/en\/wp-json\/wp\/v2\/pages\/1372\/revisions\/1437"}],"wp:attachment":[{"href":"https:\/\/cacstac.org\/en\/wp-json\/wp\/v2\/media?parent=1372"}],"curies":[{"name":"wp","href":"https:\/\/api.w.org\/{rel}","templated":true}]}}