{"id":1370,"date":"2020-06-21T19:55:31","date_gmt":"2020-06-21T19:55:31","guid":{"rendered":"https:\/\/jesuitastarahumara.org\/?page_id=1370"},"modified":"2022-08-31T00:56:37","modified_gmt":"2022-08-31T00:56:37","slug":"artesanias-mision","status":"publish","type":"page","link":"https:\/\/cacstac.org\/en\/artesanias-mision\/","title":{"rendered":"Artesan\u00edas Misi\u00f3n"},"content":{"rendered":"<div data-elementor-type=\"wp-page\" data-elementor-id=\"1370\" class=\"elementor elementor-1370\">\n\t\t\t\t\t\t<section class=\"elementor-section elementor-top-section elementor-element elementor-element-b997939 elementor-section-boxed elementor-section-height-default elementor-section-height-default\" data-id=\"b997939\" data-element_type=\"section\" data-e-type=\"section\">\n\t\t\t\t\t\t<div class=\"elementor-container elementor-column-gap-default\">\n\t\t\t\t\t<div class=\"elementor-column elementor-col-100 elementor-top-column elementor-element elementor-element-329ba23\" data-id=\"329ba23\" data-element_type=\"column\" data-e-type=\"column\">\n\t\t\t<div class=\"elementor-widget-wrap elementor-element-populated\">\n\t\t\t\t\t\t<div class=\"elementor-element elementor-element-7f5465e elementor-widget elementor-widget-spacer\" data-id=\"7f5465e\" data-element_type=\"widget\" data-e-type=\"widget\" data-widget_type=\"spacer.default\">\n\t\t\t\t<div class=\"elementor-widget-container\">\n\t\t\t\t\t\t\t<div class=\"elementor-spacer\">\n\t\t\t<div class=\"elementor-spacer-inner\"><\/div>\n\t\t<\/div>\n\t\t\t\t\t\t<\/div>\n\t\t\t\t<\/div>\n\t\t\t\t<div class=\"elementor-element elementor-element-9aa235a elementor-widget elementor-widget-heading\" data-id=\"9aa235a\" data-element_type=\"widget\" data-e-type=\"widget\" data-widget_type=\"heading.default\">\n\t\t\t\t<div class=\"elementor-widget-container\">\n\t\t\t\t\t<h2 class=\"elementor-heading-title elementor-size-default\">Artesan\u00edas Misi\u00f3n<\/h2>\t\t\t\t<\/div>\n\t\t\t\t<\/div>\n\t\t\t\t\t<\/div>\n\t\t<\/div>\n\t\t\t\t\t<\/div>\n\t\t<\/section>\n\t\t\t\t<section class=\"elementor-section elementor-top-section elementor-element elementor-element-f303f8e elementor-section-boxed elementor-section-height-default elementor-section-height-default\" data-id=\"f303f8e\" data-element_type=\"section\" data-e-type=\"section\">\n\t\t\t\t\t\t<div class=\"elementor-container elementor-column-gap-default\">\n\t\t\t\t\t<div class=\"elementor-column elementor-col-50 elementor-top-column elementor-element elementor-element-3a01808\" data-id=\"3a01808\" data-element_type=\"column\" data-e-type=\"column\">\n\t\t\t<div class=\"elementor-widget-wrap elementor-element-populated\">\n\t\t\t\t\t\t<div class=\"elementor-element elementor-element-ccf0583 elementor-widget elementor-widget-image\" data-id=\"ccf0583\" data-element_type=\"widget\" data-e-type=\"widget\" data-widget_type=\"image.default\">\n\t\t\t\t<div class=\"elementor-widget-container\">\n\t\t\t\t\t\t\t\t\t\t\t\t\t\t\t<img fetchpriority=\"high\" decoding=\"async\" width=\"1024\" height=\"576\" src=\"https:\/\/cacstac.org\/wp-content\/uploads\/2020\/06\/IMG_4396-1024x576.jpg\" class=\"attachment-large size-large wp-image-1287\" alt=\"\" srcset=\"https:\/\/cacstac.org\/wp-content\/uploads\/2020\/06\/IMG_4396-1024x576.jpg 1024w, https:\/\/cacstac.org\/wp-content\/uploads\/2020\/06\/IMG_4396-300x169.jpg 300w, https:\/\/cacstac.org\/wp-content\/uploads\/2020\/06\/IMG_4396-768x432.jpg 768w, https:\/\/cacstac.org\/wp-content\/uploads\/2020\/06\/IMG_4396-1536x864.jpg 1536w, https:\/\/cacstac.org\/wp-content\/uploads\/2020\/06\/IMG_4396-2048x1152.jpg 2048w\" sizes=\"(max-width: 1024px) 100vw, 1024px\" \/>\t\t\t\t\t\t\t\t\t\t\t\t\t\t\t<\/div>\n\t\t\t\t<\/div>\n\t\t\t\t\t<\/div>\n\t\t<\/div>\n\t\t\t\t<div class=\"elementor-column elementor-col-50 elementor-top-column elementor-element elementor-element-973eaeb\" data-id=\"973eaeb\" data-element_type=\"column\" data-e-type=\"column\">\n\t\t\t<div class=\"elementor-widget-wrap elementor-element-populated\">\n\t\t\t\t\t\t<div class=\"elementor-element elementor-element-3839736 elementor-widget elementor-widget-image\" data-id=\"3839736\" data-element_type=\"widget\" data-e-type=\"widget\" data-widget_type=\"image.default\">\n\t\t\t\t<div class=\"elementor-widget-container\">\n\t\t\t\t\t\t\t\t\t\t\t\t\t\t\t<img decoding=\"async\" width=\"1024\" height=\"768\" src=\"https:\/\/cacstac.org\/wp-content\/uploads\/2020\/06\/IMG_1015-1024x768.jpg\" class=\"attachment-large size-large wp-image-1284\" alt=\"\" srcset=\"https:\/\/cacstac.org\/wp-content\/uploads\/2020\/06\/IMG_1015-1024x768.jpg 1024w, https:\/\/cacstac.org\/wp-content\/uploads\/2020\/06\/IMG_1015-300x225.jpg 300w, https:\/\/cacstac.org\/wp-content\/uploads\/2020\/06\/IMG_1015-768x576.jpg 768w, https:\/\/cacstac.org\/wp-content\/uploads\/2020\/06\/IMG_1015-1536x1152.jpg 1536w, https:\/\/cacstac.org\/wp-content\/uploads\/2020\/06\/IMG_1015-2048x1536.jpg 2048w\" sizes=\"(max-width: 1024px) 100vw, 1024px\" \/>\t\t\t\t\t\t\t\t\t\t\t\t\t\t\t<\/div>\n\t\t\t\t<\/div>\n\t\t\t\t\t<\/div>\n\t\t<\/div>\n\t\t\t\t\t<\/div>\n\t\t<\/section>\n\t\t\t\t<section class=\"elementor-section elementor-top-section elementor-element elementor-element-289e079 elementor-section-boxed elementor-section-height-default elementor-section-height-default\" data-id=\"289e079\" data-element_type=\"section\" data-e-type=\"section\">\n\t\t\t\t\t\t<div class=\"elementor-container elementor-column-gap-default\">\n\t\t\t\t\t<div class=\"elementor-column elementor-col-100 elementor-top-column elementor-element elementor-element-9f6b925\" data-id=\"9f6b925\" data-element_type=\"column\" data-e-type=\"column\">\n\t\t\t<div class=\"elementor-widget-wrap elementor-element-populated\">\n\t\t\t\t\t\t<div class=\"elementor-element elementor-element-1cbc2b1 elementor-widget elementor-widget-text-editor\" data-id=\"1cbc2b1\" data-element_type=\"widget\" data-e-type=\"widget\" data-widget_type=\"text-editor.default\">\n\t\t\t\t<div class=\"elementor-widget-container\">\n\t\t\t\t\t\t\t\t\t<p>Misi\u00f3n<\/p><p>La Misi\u00f3n de Artesan\u00edas Misi\u00f3n es promover y apoyar la econom\u00eda de las familias Rar\u00e1muri a trav\u00e9s de la comercializaci\u00f3n de la artesan\u00eda que se elabora en diversas regiones de la Sierra Tarahumara, dando a conocer as\u00ed su cultura, usos y costumbres.<\/p><p>Visi\u00f3n<\/p><p>Somos parte de un Gran Proyecto que pretende la mejora en las condiciones de vida en las comunidades Rar\u00e1muri, Artesan\u00edas Misi\u00f3n se enfoca particularmente en la b\u00fasqueda de un equilibrio justo entre precio y producto, animando a lxs artesanxs a trabajar en la dignificaci\u00f3n y mejora continua de su trabajo.<\/p><p>Filosof\u00eda<\/p><p>Nuestra filosof\u00eda se sostiene en la preservaci\u00f3n de la cultura y cosmovisi\u00f3n rar\u00e1muri desde la promoci\u00f3n\/difusi\u00f3n activa y consciente de los productos, damos a conocer los desde la historia, los materiales, procesos, entre otros.<\/p><p>Nos encontramos en una b\u00fasqueda constante de que los productos que se comercializan sean de total calidad y que a la par su paga sea cada vez m\u00e1s justa.<\/p><p>Historia<br \/>La tienda de artesan\u00edas inici\u00f3 en el a\u00f1o 1972 por iniciativa del P. Luis Verplancken S.J., con el objetivo de promover el comercio justo, la promoci\u00f3n, producci\u00f3n y comercializaci\u00f3n de artesan\u00edas tarahumaras de toda la regi\u00f3n serrana.<br \/>El P. Verplancken compraba la artesan\u00eda directamente de las comunidades ind\u00edgenas, lo que le permiti\u00f3 crear un v\u00ednculo afectivo y de confianza que permaneci\u00f3 durante su vida. <br \/>A trav\u00e9s de los a\u00f1os la tienda fue creciendo, convirti\u00e9ndose, en su momento, una ayuda considerable para el sustento de la Cl\u00ednica Santa Teresita, siendo sus principales clientes turistas y exportadores extranjeros.<\/p><p>Hubo una etapa muy dif\u00edcil en la que el turismo estuvo en declive e incluso nulo ya que la situaci\u00f3n general de violencia era grave&#8230;<br \/>Artesan\u00edas Misi\u00f3n actualmente capta alrededor de 850 artesanos de toda la Sierra Tarahumara, algunos artesanos que habitan en regiones muy alejadas de Creel no tienen oportunidad de comercializar directamente con los compradores, solo pasan una vez al a\u00f1o a dejar sus productos. Adem\u00e1s de ayudar a la econom\u00eda de artesanos, la tienda tambi\u00e9n ayuda a la difusi\u00f3n de la cultura e historia Rar\u00e1muri.<\/p><p>Productos<br \/>Cester\u00eda<br \/>Indumentaria tradicional<br \/>Alfarer\u00eda Mata Ortiz<br \/>Alfarer\u00eda rar\u00e1muri<br \/>Bisuter\u00eda<br \/>Instrumentos musicales<br \/>Plantas, semillas y conservas de la regi\u00f3n<br \/>Mercer\u00eda y abastecimiento de material para artesanos<br \/>Material impreso <br \/>Variedad<\/p>\t\t\t\t\t\t\t\t<\/div>\n\t\t\t\t<\/div>\n\t\t\t\t<div class=\"elementor-element elementor-element-0622103 elementor-widget elementor-widget-spacer\" data-id=\"0622103\" data-element_type=\"widget\" data-e-type=\"widget\" data-widget_type=\"spacer.default\">\n\t\t\t\t<div class=\"elementor-widget-container\">\n\t\t\t\t\t\t\t<div class=\"elementor-spacer\">\n\t\t\t<div class=\"elementor-spacer-inner\"><\/div>\n\t\t<\/div>\n\t\t\t\t\t\t<\/div>\n\t\t\t\t<\/div>\n\t\t\t\t\t<\/div>\n\t\t<\/div>\n\t\t\t\t\t<\/div>\n\t\t<\/section>\n\t\t\t\t<section class=\"elementor-section elementor-top-section elementor-element elementor-element-a3f1da1 elementor-section-boxed elementor-section-height-default elementor-section-height-default\" data-id=\"a3f1da1\" data-element_type=\"section\" data-e-type=\"section\">\n\t\t\t\t\t\t<div class=\"elementor-container elementor-column-gap-default\">\n\t\t\t\t\t<div class=\"elementor-column elementor-col-50 elementor-top-column elementor-element elementor-element-bcfaff9\" data-id=\"bcfaff9\" data-element_type=\"column\" data-e-type=\"column\">\n\t\t\t<div class=\"elementor-widget-wrap elementor-element-populated\">\n\t\t\t\t\t\t<div class=\"elementor-element elementor-element-befada8 elementor-widget elementor-widget-heading\" data-id=\"befada8\" data-element_type=\"widget\" data-e-type=\"widget\" data-widget_type=\"heading.default\">\n\t\t\t\t<div class=\"elementor-widget-container\">\n\t\t\t\t\t<h3 class=\"elementor-heading-title elementor-size-default\">Informaci\u00f3n de la tienda<\/h3>\t\t\t\t<\/div>\n\t\t\t\t<\/div>\n\t\t\t\t<div class=\"elementor-element elementor-element-d676869 elementor-widget elementor-widget-text-editor\" data-id=\"d676869\" data-element_type=\"widget\" data-e-type=\"widget\" data-widget_type=\"text-editor.default\">\n\t\t\t\t<div class=\"elementor-widget-container\">\n\t\t\t\t\t\t\t\t\t<p>Domicilio<br>Calle Parroquia s\/n<br>Creel, Chihuahua<br>Representante Legal<br>P. Miguel Quintanilla S.J.<br>Administradoras<br>Mar\u00eda Monserrat Borja Zertuche<br>Ana Abell\u00e1n Borja<\/p>\n<p>Contacto:<br>Tel\u00e9fono: 635 456 00 97<br>e-mail artesan\u00edas.mision1@gmail.com<br>Facebook: Artesan\u00edas Misi\u00f3n<br>Instagram: @artesaniasmision<br><br><\/p>\n<p><\/p>\t\t\t\t\t\t\t\t<\/div>\n\t\t\t\t<\/div>\n\t\t\t\t\t<\/div>\n\t\t<\/div>\n\t\t\t\t<div class=\"elementor-column elementor-col-50 elementor-top-column elementor-element elementor-element-b217075\" data-id=\"b217075\" data-element_type=\"column\" data-e-type=\"column\">\n\t\t\t<div class=\"elementor-widget-wrap elementor-element-populated\">\n\t\t\t\t\t\t<div class=\"elementor-element elementor-element-29d10c4 elementor-widget elementor-widget-google_maps\" data-id=\"29d10c4\" data-element_type=\"widget\" data-e-type=\"widget\" data-widget_type=\"google_maps.default\">\n\t\t\t\t<div class=\"elementor-widget-container\">\n\t\t\t\t\t\t\t<div class=\"elementor-custom-embed\">\n\t\t\t<iframe loading=\"lazy\"\n\t\t\t\t\tsrc=\"https:\/\/maps.google.com\/maps?q=creel%2C%20parroquia%20N%2FA%2C%20Los%20Pinos%2C%2033200%20Bocoyna%2C%20Chih.&#038;t=m&#038;z=15&#038;output=embed&#038;iwloc=near\"\n\t\t\t\t\ttitle=\"creel, parroquia N\/A, Los Pinos, 33200 Bocoyna, Chih.\"\n\t\t\t\t\taria-label=\"creel, parroquia N\/A, Los Pinos, 33200 Bocoyna, Chih.\"\n\t\t\t><\/iframe>\n\t\t<\/div>\n\t\t\t\t\t\t<\/div>\n\t\t\t\t<\/div>\n\t\t\t\t\t<\/div>\n\t\t<\/div>\n\t\t\t\t\t<\/div>\n\t\t<\/section>\n\t\t\t\t<\/div>","protected":false},"excerpt":{"rendered":"<p>Artesan\u00edas Misi\u00f3n Misi\u00f3n La Misi\u00f3n de Artesan\u00edas Misi\u00f3n es promover y apoyar la econom\u00eda de las familias Rar\u00e1muri a trav\u00e9s de la comercializaci\u00f3n de la artesan\u00eda que se elabora en diversas regiones de la Sierra Tarahumara, dando a conocer as\u00ed su cultura, usos y costumbres. Visi\u00f3n Somos parte de un Gran Proyecto que pretende la [&hellip;]<\/p>\n","protected":false},"author":1,"featured_media":0,"parent":0,"menu_order":0,"comment_status":"closed","ping_status":"closed","template":"","meta":{"give_campaign_id":0,"site-sidebar-layout":"no-sidebar","site-content-layout":"page-builder","ast-site-content-layout":"default","site-content-style":"default","site-sidebar-style":"default","ast-global-header-display":"","ast-banner-title-visibility":"","ast-main-header-display":"","ast-hfb-above-header-display":"","ast-hfb-below-header-display":"","ast-hfb-mobile-header-display":"","site-post-title":"disabled","ast-breadcrumbs-content":"","ast-featured-img":"disabled","footer-sml-layout":"","ast-disable-related-posts":"","theme-transparent-header-meta":"default","adv-header-id-meta":"","stick-header-meta":"","header-above-stick-meta":"","header-main-stick-meta":"","header-below-stick-meta":"","astra-migrate-meta-layouts":"default","ast-page-background-enabled":"default","ast-page-background-meta":{"desktop":{"background-color":"","background-image":"","background-repeat":"repeat","background-position":"center center","background-size":"auto","background-attachment":"scroll","background-type":"","background-media":"","overlay-type":"","overlay-color":"","overlay-opacity":"","overlay-gradient":""},"tablet":{"background-color":"","background-image":"","background-repeat":"repeat","background-position":"center center","background-size":"auto","background-attachment":"scroll","background-type":"","background-media":"","overlay-type":"","overlay-color":"","overlay-opacity":"","overlay-gradient":""},"mobile":{"background-color":"","background-image":"","background-repeat":"repeat","background-position":"center center","background-size":"auto","background-attachment":"scroll","background-type":"","background-media":"","overlay-type":"","overlay-color":"","overlay-opacity":"","overlay-gradient":""}},"ast-content-background-meta":{"desktop":{"background-color":"var(--ast-global-color-5)","background-image":"","background-repeat":"repeat","background-position":"center center","background-size":"auto","background-attachment":"scroll","background-type":"","background-media":"","overlay-type":"","overlay-color":"","overlay-opacity":"","overlay-gradient":""},"tablet":{"background-color":"var(--ast-global-color-5)","background-image":"","background-repeat":"repeat","background-position":"center center","background-size":"auto","background-attachment":"scroll","background-type":"","background-media":"","overlay-type":"","overlay-color":"","overlay-opacity":"","overlay-gradient":""},"mobile":{"background-color":"var(--ast-global-color-5)","background-image":"","background-repeat":"repeat","background-position":"center center","background-size":"auto","background-attachment":"scroll","background-type":"","background-media":"","overlay-type":"","overlay-color":"","overlay-opacity":"","overlay-gradient":""}},"footnotes":""},"class_list":["post-1370","page","type-page","status-publish","hentry"],"campaignId":"","_links":{"self":[{"href":"https:\/\/cacstac.org\/en\/wp-json\/wp\/v2\/pages\/1370","targetHints":{"allow":["GET"]}}],"collection":[{"href":"https:\/\/cacstac.org\/en\/wp-json\/wp\/v2\/pages"}],"about":[{"href":"https:\/\/cacstac.org\/en\/wp-json\/wp\/v2\/types\/page"}],"author":[{"embeddable":true,"href":"https:\/\/cacstac.org\/en\/wp-json\/wp\/v2\/users\/1"}],"replies":[{"embeddable":true,"href":"https:\/\/cacstac.org\/en\/wp-json\/wp\/v2\/comments?post=1370"}],"version-history":[{"count":13,"href":"https:\/\/cacstac.org\/en\/wp-json\/wp\/v2\/pages\/1370\/revisions"}],"predecessor-version":[{"id":2689,"href":"https:\/\/cacstac.org\/en\/wp-json\/wp\/v2\/pages\/1370\/revisions\/2689"}],"wp:attachment":[{"href":"https:\/\/cacstac.org\/en\/wp-json\/wp\/v2\/media?parent=1370"}],"curies":[{"name":"wp","href":"https:\/\/api.w.org\/{rel}","templated":true}]}}