{"id":1345,"date":"2020-06-21T18:12:13","date_gmt":"2020-06-21T18:12:13","guid":{"rendered":"https:\/\/jesuitastarahumara.org\/?page_id=1345"},"modified":"2020-06-21T18:22:47","modified_gmt":"2020-06-21T18:22:47","slug":"programa-de-atencion-a-comunidades","status":"publish","type":"page","link":"https:\/\/cacstac.org\/en\/programa-de-atencion-a-comunidades\/","title":{"rendered":"Programa de Atenci\u00f3n a Comunidades"},"content":{"rendered":"<div data-elementor-type=\"wp-page\" data-elementor-id=\"1345\" class=\"elementor elementor-1345\">\n\t\t\t\t\t\t<section class=\"elementor-section elementor-top-section elementor-element elementor-element-2fd82aa elementor-section-boxed elementor-section-height-default elementor-section-height-default\" data-id=\"2fd82aa\" data-element_type=\"section\" data-e-type=\"section\">\n\t\t\t\t\t\t<div class=\"elementor-container elementor-column-gap-default\">\n\t\t\t\t\t<div class=\"elementor-column elementor-col-100 elementor-top-column elementor-element elementor-element-64b9684\" data-id=\"64b9684\" data-element_type=\"column\" data-e-type=\"column\">\n\t\t\t<div class=\"elementor-widget-wrap elementor-element-populated\">\n\t\t\t\t\t\t<div class=\"elementor-element elementor-element-eea25c5 elementor-widget elementor-widget-spacer\" data-id=\"eea25c5\" data-element_type=\"widget\" data-e-type=\"widget\" data-widget_type=\"spacer.default\">\n\t\t\t\t<div class=\"elementor-widget-container\">\n\t\t\t\t\t\t\t<div class=\"elementor-spacer\">\n\t\t\t<div class=\"elementor-spacer-inner\"><\/div>\n\t\t<\/div>\n\t\t\t\t\t\t<\/div>\n\t\t\t\t<\/div>\n\t\t\t\t<div class=\"elementor-element elementor-element-642acc5 elementor-widget elementor-widget-heading\" data-id=\"642acc5\" data-element_type=\"widget\" data-e-type=\"widget\" data-widget_type=\"heading.default\">\n\t\t\t\t<div class=\"elementor-widget-container\">\n\t\t\t\t\t<h2 class=\"elementor-heading-title elementor-size-default\">Programa de atenci\u00f3n a Comunidades<\/h2>\t\t\t\t<\/div>\n\t\t\t\t<\/div>\n\t\t\t\t\t<\/div>\n\t\t<\/div>\n\t\t\t\t\t<\/div>\n\t\t<\/section>\n\t\t\t\t<section class=\"elementor-section elementor-top-section elementor-element elementor-element-576967b elementor-section-boxed elementor-section-height-default elementor-section-height-default\" data-id=\"576967b\" data-element_type=\"section\" data-e-type=\"section\">\n\t\t\t\t\t\t<div class=\"elementor-container elementor-column-gap-default\">\n\t\t\t\t\t<div class=\"elementor-column elementor-col-50 elementor-top-column elementor-element elementor-element-e09380b\" data-id=\"e09380b\" data-element_type=\"column\" data-e-type=\"column\">\n\t\t\t<div class=\"elementor-widget-wrap elementor-element-populated\">\n\t\t\t\t\t\t<div class=\"elementor-element elementor-element-e8c72dc elementor-widget elementor-widget-image\" data-id=\"e8c72dc\" data-element_type=\"widget\" data-e-type=\"widget\" data-widget_type=\"image.default\">\n\t\t\t\t<div class=\"elementor-widget-container\">\n\t\t\t\t\t\t\t\t\t\t\t\t\t\t\t<img fetchpriority=\"high\" decoding=\"async\" width=\"1024\" height=\"768\" src=\"https:\/\/cacstac.org\/wp-content\/uploads\/2020\/06\/100_3518-1024x768.jpg\" class=\"attachment-large size-large wp-image-1267\" alt=\"\" srcset=\"https:\/\/cacstac.org\/wp-content\/uploads\/2020\/06\/100_3518-1024x768.jpg 1024w, https:\/\/cacstac.org\/wp-content\/uploads\/2020\/06\/100_3518-300x225.jpg 300w, https:\/\/cacstac.org\/wp-content\/uploads\/2020\/06\/100_3518-768x576.jpg 768w, https:\/\/cacstac.org\/wp-content\/uploads\/2020\/06\/100_3518-1536x1152.jpg 1536w, https:\/\/cacstac.org\/wp-content\/uploads\/2020\/06\/100_3518-2048x1536.jpg 2048w\" sizes=\"(max-width: 1024px) 100vw, 1024px\" \/>\t\t\t\t\t\t\t\t\t\t\t\t\t\t\t<\/div>\n\t\t\t\t<\/div>\n\t\t\t\t\t<\/div>\n\t\t<\/div>\n\t\t\t\t<div class=\"elementor-column elementor-col-50 elementor-top-column elementor-element elementor-element-ec722ab\" data-id=\"ec722ab\" data-element_type=\"column\" data-e-type=\"column\">\n\t\t\t<div class=\"elementor-widget-wrap elementor-element-populated\">\n\t\t\t\t\t\t<div class=\"elementor-element elementor-element-5303f0a elementor-widget elementor-widget-image\" data-id=\"5303f0a\" data-element_type=\"widget\" data-e-type=\"widget\" data-widget_type=\"image.default\">\n\t\t\t\t<div class=\"elementor-widget-container\">\n\t\t\t\t\t\t\t\t\t\t\t\t\t\t\t<img decoding=\"async\" width=\"1024\" height=\"768\" src=\"https:\/\/cacstac.org\/wp-content\/uploads\/2020\/06\/100_3631-1024x768.jpg\" class=\"attachment-large size-large wp-image-1279\" alt=\"\" srcset=\"https:\/\/cacstac.org\/wp-content\/uploads\/2020\/06\/100_3631-1024x768.jpg 1024w, https:\/\/cacstac.org\/wp-content\/uploads\/2020\/06\/100_3631-300x225.jpg 300w, https:\/\/cacstac.org\/wp-content\/uploads\/2020\/06\/100_3631-768x576.jpg 768w, https:\/\/cacstac.org\/wp-content\/uploads\/2020\/06\/100_3631-1536x1152.jpg 1536w, https:\/\/cacstac.org\/wp-content\/uploads\/2020\/06\/100_3631-2048x1536.jpg 2048w\" sizes=\"(max-width: 1024px) 100vw, 1024px\" \/>\t\t\t\t\t\t\t\t\t\t\t\t\t\t\t<\/div>\n\t\t\t\t<\/div>\n\t\t\t\t\t<\/div>\n\t\t<\/div>\n\t\t\t\t\t<\/div>\n\t\t<\/section>\n\t\t\t\t<section class=\"elementor-section elementor-top-section elementor-element elementor-element-4bf1bc8 elementor-section-boxed elementor-section-height-default elementor-section-height-default\" data-id=\"4bf1bc8\" data-element_type=\"section\" data-e-type=\"section\">\n\t\t\t\t\t\t<div class=\"elementor-container elementor-column-gap-default\">\n\t\t\t\t\t<div class=\"elementor-column elementor-col-50 elementor-top-column elementor-element elementor-element-8a856d1\" data-id=\"8a856d1\" data-element_type=\"column\" data-e-type=\"column\">\n\t\t\t<div class=\"elementor-widget-wrap elementor-element-populated\">\n\t\t\t\t\t\t<div class=\"elementor-element elementor-element-47a7055 elementor-widget elementor-widget-text-editor\" data-id=\"47a7055\" data-element_type=\"widget\" data-e-type=\"widget\" data-widget_type=\"text-editor.default\">\n\t\t\t\t<div class=\"elementor-widget-container\">\n\t\t\t\t\t\t\t\t\t<p><strong>1.\u00a0 \u00a0 \u00a0 Programa de Trueque de alimento por trabajo comunitario<\/strong><\/p><p>No existe un reporte exacto de los miles de toneladas que este programa ha distribuido durante 40 a\u00f1os; pero desde hace 10 a\u00f1os se ha repartido un promedio anual de 180 toneladas de v\u00edveres a comunidades ind\u00edgenas muy aisladas y necesitadas. Si calculamos que se distribuyeron entre unas 2800 familias en promedio, significan unos 65 kilos de alimento por familia al a\u00f1o.<\/p><p>En este a\u00f1o -2016, repartimos 100 toneladas de ma\u00edz y 20 de frijol.<\/p><p>Esto, aunque no resuelve el problema de alimentaci\u00f3n de los Rar\u00e1muri, s\u00ed constituye un apoyo importante, sobre todo porque se hace en los meses de mayor carest\u00eda y para las comunidades con menos recursos y posibilidades. Podemos decir que tiene una real incidencia en paliar la desnutrici\u00f3n porque se dan casos de comunidades en que, durante ese tiempo, no hay m\u00e1s para comer que hierbas y, si se dieron, duraznos, o manzanas verdes.<\/p><p>Como contraparte las comunidades han construido trincheras para retener la tierra f\u00e9rtil, arreglado caminos, y la comunidad de Rikin\u00e1puchi est\u00e1 construyendo un peque\u00f1o pres\u00f3n.<\/p><p>El programa funciona con el mismo personal de la oficina central y del equipo de pozos\/taller.<\/p>\t\t\t\t\t\t\t\t<\/div>\n\t\t\t\t<\/div>\n\t\t\t\t\t<\/div>\n\t\t<\/div>\n\t\t\t\t<div class=\"elementor-column elementor-col-50 elementor-top-column elementor-element elementor-element-633b4d4\" data-id=\"633b4d4\" data-element_type=\"column\" data-e-type=\"column\">\n\t\t\t<div class=\"elementor-widget-wrap elementor-element-populated\">\n\t\t\t\t\t\t<div class=\"elementor-element elementor-element-7be4c6b elementor-widget elementor-widget-text-editor\" data-id=\"7be4c6b\" data-element_type=\"widget\" data-e-type=\"widget\" data-widget_type=\"text-editor.default\">\n\t\t\t\t<div class=\"elementor-widget-container\">\n\t\t\t\t\t\t\t\t\t<p><strong>2.\u00a0 \u00a0 \u00a0 Programa de mantenimiento pozos manuales y sistemas de recolecci\u00f3n de agua potable <\/strong><\/p><p>Aunque desde 1992 se perforaron pozos, s\u00f3lo a partir del a\u00f1o 2000 se consolida plenamente este programa que ha dotado de agua limpia a m\u00e1s de 5,000 personas de 850 familias ubicadas en 70 rancher\u00edas, mediante 56 pozos (de una profundidad promedio de 55 mts. y provistos de bombas manuales), 71 sistemas de recolecci\u00f3n de agua de lluvia (40 de ellos se instalaron en este a\u00f1o) y 14 sistemas de recolecci\u00f3n de agua de manantial (de hasta 8 kil\u00f3metros). Varios de estos sistemas tambi\u00e9n sirven a las peque\u00f1as escuelas locales.<\/p><p>El consumir agua potable disminuye radicalmente las infecciones, por lo que incide directa e important\u00edsimamente en la salud de las familias y comunidades; reduce los costos humanos y econ\u00f3micos causados por las enfermedades y el gasto social en medicina.<\/p><p>Para comprender el impacto de estos trabajos y la relaci\u00f3n costo beneficio, podemos calcular que si un pozo tiene un costo promedio de 55,000 pesos y puede dar agua para entre 10 y 15 familias con 6 miembros cada una, con 56 pozos en funciones m\u00e1s de 4,000 personas tendr\u00e1n agua potable los pr\u00f3ximos 10 o 15 a\u00f1os, a un costo de 60 pesos por persona al a\u00f1o. Igualmente, por los 16,000 pesos del costo de un sistema de agua, unas diez personas tendr\u00e1n agua potable y cercana al menos la mitad de los meses del a\u00f1o y durante 15 o 20 a\u00f1os; esto arroja un costo de unos 90 pesos por persona por a\u00f1o.<\/p><p>CACSTAC cuenta, para este proyecto, con una perforadora, una camioneta pick-up especialmente adaptada para estos trabajos, un remolque y una bodega.<\/p><p>El programa est\u00e1 llevado por 4 personas que, adem\u00e1s, se encargan del taller; tres de ellos son Rar\u00e1muri.<\/p><p>En el a\u00f1o 2012 este proyecto fue necesario suspenderlo por otras urgencias y falta de financiamiento.\u00a0 Hemos comenzado por revisar todos y cada uno de los pozos.\u00a0 Actualmente realizamos un inventario de ellos y su estado.\u00a0 Hemos comenzado a reparar aquellos pozos que lo requieren.<\/p><p>\u00a0<\/p><p><strong><em>Impacto indirecto <\/em><\/strong><\/p><p>Se ha ido creando una mayor conciencia y aprecio de la importancia de beber agua limpia para la salud.<\/p><p>Acercar a las comunidades el agua que se consume cotidianamente resulta en una notable disminuci\u00f3n de la carga de trabajo especialmente para las mujeres y los ni\u00f1os; pues no es raro que el acarreo de 40 o 50 litros les lleve m\u00e1s de una hora de camino, adem\u00e1s del esfuerzo f\u00edsico que implica.<\/p><p>Los sistemas de recopilaci\u00f3n de agua potable han tra\u00eddo como beneficio adyacente que 75 familias cuenten con un nuevo techo de l\u00e1mina que les puede durar hasta 25 a\u00f1os; con lo que, de paso, se ha evitado la tala de muchos pinos.<\/p>\t\t\t\t\t\t\t\t<\/div>\n\t\t\t\t<\/div>\n\t\t\t\t\t<\/div>\n\t\t<\/div>\n\t\t\t\t\t<\/div>\n\t\t<\/section>\n\t\t\t\t<section class=\"elementor-section elementor-top-section elementor-element elementor-element-056db59 elementor-section-boxed elementor-section-height-default elementor-section-height-default\" data-id=\"056db59\" data-element_type=\"section\" data-e-type=\"section\">\n\t\t\t\t\t\t<div class=\"elementor-container elementor-column-gap-default\">\n\t\t\t\t\t<div class=\"elementor-column elementor-col-100 elementor-top-column elementor-element elementor-element-485a62a\" data-id=\"485a62a\" data-element_type=\"column\" data-e-type=\"column\">\n\t\t\t<div class=\"elementor-widget-wrap elementor-element-populated\">\n\t\t\t\t\t\t<div class=\"elementor-element elementor-element-09b9308 elementor-arrows-position-inside elementor-widget elementor-widget-image-carousel\" data-id=\"09b9308\" data-element_type=\"widget\" data-e-type=\"widget\" data-settings=\"{&quot;slides_to_show&quot;:&quot;6&quot;,&quot;navigation&quot;:&quot;arrows&quot;,&quot;autoplay&quot;:&quot;yes&quot;,&quot;pause_on_hover&quot;:&quot;yes&quot;,&quot;pause_on_interaction&quot;:&quot;yes&quot;,&quot;autoplay_speed&quot;:5000,&quot;infinite&quot;:&quot;yes&quot;,&quot;speed&quot;:500}\" data-widget_type=\"image-carousel.default\">\n\t\t\t\t<div class=\"elementor-widget-container\">\n\t\t\t\t\t\t\t<div class=\"elementor-image-carousel-wrapper swiper\" role=\"region\" aria-roledescription=\"carousel\" aria-label=\"Image Carousel\" dir=\"ltr\">\n\t\t\t<div class=\"elementor-image-carousel swiper-wrapper\" aria-live=\"off\">\n\t\t\t\t\t\t\t\t<div class=\"swiper-slide\" role=\"group\" aria-roledescription=\"slide\" aria-label=\"1 of 17\" data-no-translation-aria-label=\"\"><figure class=\"swiper-slide-inner\"><img decoding=\"async\" class=\"swiper-slide-image\" src=\"https:\/\/cacstac.org\/wp-content\/uploads\/2020\/06\/Calixtropozo-150x150.jpg\" alt=\"\" \/><\/figure><\/div><div class=\"swiper-slide\" role=\"group\" aria-roledescription=\"slide\" aria-label=\"2 of 17\" data-no-translation-aria-label=\"\"><figure class=\"swiper-slide-inner\"><img decoding=\"async\" class=\"swiper-slide-image\" src=\"https:\/\/cacstac.org\/wp-content\/uploads\/2020\/06\/100_3631-150x150.jpg\" alt=\"\" \/><\/figure><\/div><div class=\"swiper-slide\" role=\"group\" aria-roledescription=\"slide\" aria-label=\"3 of 17\" data-no-translation-aria-label=\"\"><figure class=\"swiper-slide-inner\"><img decoding=\"async\" class=\"swiper-slide-image\" src=\"https:\/\/cacstac.org\/wp-content\/uploads\/2020\/06\/100_3580-150x150.jpg\" alt=\"\" \/><\/figure><\/div><div class=\"swiper-slide\" role=\"group\" aria-roledescription=\"slide\" aria-label=\"4 of 17\" data-no-translation-aria-label=\"\"><figure class=\"swiper-slide-inner\"><img decoding=\"async\" class=\"swiper-slide-image\" src=\"https:\/\/cacstac.org\/wp-content\/uploads\/2020\/06\/100_3559-150x150.jpg\" alt=\"100_3559\" \/><\/figure><\/div><div class=\"swiper-slide\" role=\"group\" aria-roledescription=\"slide\" aria-label=\"5 of 17\" data-no-translation-aria-label=\"\"><figure class=\"swiper-slide-inner\"><img decoding=\"async\" class=\"swiper-slide-image\" src=\"https:\/\/cacstac.org\/wp-content\/uploads\/2020\/06\/100_3548-150x150.jpg\" alt=\"100_3548\" \/><\/figure><\/div><div class=\"swiper-slide\" role=\"group\" aria-roledescription=\"slide\" aria-label=\"6 of 17\" data-no-translation-aria-label=\"\"><figure class=\"swiper-slide-inner\"><img decoding=\"async\" class=\"swiper-slide-image\" src=\"https:\/\/cacstac.org\/wp-content\/uploads\/2020\/06\/100_3429-150x150.jpg\" alt=\"100_3429\" \/><\/figure><\/div><div class=\"swiper-slide\" role=\"group\" aria-roledescription=\"slide\" aria-label=\"7 of 17\" data-no-translation-aria-label=\"\"><figure class=\"swiper-slide-inner\"><img decoding=\"async\" class=\"swiper-slide-image\" src=\"https:\/\/cacstac.org\/wp-content\/uploads\/2020\/06\/IMG-20200610-WA0013-150x150.jpg\" alt=\"\" \/><\/figure><\/div><div class=\"swiper-slide\" role=\"group\" aria-roledescription=\"slide\" aria-label=\"8 of 17\" data-no-translation-aria-label=\"\"><figure class=\"swiper-slide-inner\"><img decoding=\"async\" class=\"swiper-slide-image\" src=\"https:\/\/cacstac.org\/wp-content\/uploads\/2020\/06\/IMG-20200610-WA0012-150x150.jpg\" alt=\"\" \/><\/figure><\/div><div class=\"swiper-slide\" role=\"group\" aria-roledescription=\"slide\" aria-label=\"9 of 17\" data-no-translation-aria-label=\"\"><figure class=\"swiper-slide-inner\"><img decoding=\"async\" class=\"swiper-slide-image\" src=\"https:\/\/cacstac.org\/wp-content\/uploads\/2020\/06\/IMG-20200610-WA0011-150x150.jpg\" alt=\"\" \/><\/figure><\/div><div class=\"swiper-slide\" role=\"group\" aria-roledescription=\"slide\" aria-label=\"10 of 17\" data-no-translation-aria-label=\"\"><figure class=\"swiper-slide-inner\"><img decoding=\"async\" class=\"swiper-slide-image\" src=\"https:\/\/cacstac.org\/wp-content\/uploads\/2020\/06\/ELAJ0256-150x150.jpg\" alt=\"ELAJ0256\" \/><\/figure><\/div><div class=\"swiper-slide\" role=\"group\" aria-roledescription=\"slide\" aria-label=\"11 of 17\" data-no-translation-aria-label=\"\"><figure class=\"swiper-slide-inner\"><img decoding=\"async\" class=\"swiper-slide-image\" src=\"https:\/\/cacstac.org\/wp-content\/uploads\/2020\/06\/100_3542-150x150.jpg\" alt=\"\" \/><\/figure><\/div><div class=\"swiper-slide\" role=\"group\" aria-roledescription=\"slide\" aria-label=\"12 of 17\" data-no-translation-aria-label=\"\"><figure class=\"swiper-slide-inner\"><img decoding=\"async\" class=\"swiper-slide-image\" src=\"https:\/\/cacstac.org\/wp-content\/uploads\/2020\/06\/100_3541-150x150.jpg\" alt=\"\" \/><\/figure><\/div><div class=\"swiper-slide\" role=\"group\" aria-roledescription=\"slide\" aria-label=\"13 of 17\" data-no-translation-aria-label=\"\"><figure class=\"swiper-slide-inner\"><img decoding=\"async\" class=\"swiper-slide-image\" src=\"https:\/\/cacstac.org\/wp-content\/uploads\/2020\/06\/100_3519-150x150.jpg\" alt=\"\" \/><\/figure><\/div><div class=\"swiper-slide\" role=\"group\" aria-roledescription=\"slide\" aria-label=\"14 of 17\" data-no-translation-aria-label=\"\"><figure class=\"swiper-slide-inner\"><img decoding=\"async\" class=\"swiper-slide-image\" src=\"https:\/\/cacstac.org\/wp-content\/uploads\/2020\/06\/100_3518-150x150.jpg\" alt=\"\" \/><\/figure><\/div><div class=\"swiper-slide\" role=\"group\" aria-roledescription=\"slide\" aria-label=\"15 of 17\" data-no-translation-aria-label=\"\"><figure class=\"swiper-slide-inner\"><img decoding=\"async\" class=\"swiper-slide-image\" src=\"https:\/\/cacstac.org\/wp-content\/uploads\/2020\/06\/DSC_0081-150x150.jpg\" alt=\"\" \/><\/figure><\/div><div class=\"swiper-slide\" role=\"group\" aria-roledescription=\"slide\" aria-label=\"16 of 17\" data-no-translation-aria-label=\"\"><figure class=\"swiper-slide-inner\"><img decoding=\"async\" class=\"swiper-slide-image\" src=\"https:\/\/cacstac.org\/wp-content\/uploads\/2020\/06\/DSC_0083-150x150.jpg\" alt=\"DSC_0083\" \/><\/figure><\/div><div class=\"swiper-slide\" role=\"group\" aria-roledescription=\"slide\" aria-label=\"17 of 17\" data-no-translation-aria-label=\"\"><figure class=\"swiper-slide-inner\"><img decoding=\"async\" class=\"swiper-slide-image\" src=\"https:\/\/cacstac.org\/wp-content\/uploads\/2020\/06\/Pozo2-150x150.jpg\" alt=\"\" \/><\/figure><\/div>\t\t\t<\/div>\n\t\t\t\t\t\t\t\t\t\t\t\t<div class=\"elementor-swiper-button elementor-swiper-button-prev\" role=\"button\" tabindex=\"0\">\n\t\t\t\t\t\t<i aria-hidden=\"true\" class=\"eicon-chevron-left\"><\/i>\t\t\t\t\t<\/div>\n\t\t\t\t\t<div class=\"elementor-swiper-button elementor-swiper-button-next\" role=\"button\" tabindex=\"0\">\n\t\t\t\t\t\t<i aria-hidden=\"true\" class=\"eicon-chevron-right\"><\/i>\t\t\t\t\t<\/div>\n\t\t\t\t\n\t\t\t\t\t\t\t\t\t<\/div>\n\t\t\t\t\t\t<\/div>\n\t\t\t\t<\/div>\n\t\t\t\t<div class=\"elementor-element elementor-element-23c3fec elementor-widget elementor-widget-spacer\" data-id=\"23c3fec\" data-element_type=\"widget\" data-e-type=\"widget\" data-widget_type=\"spacer.default\">\n\t\t\t\t<div class=\"elementor-widget-container\">\n\t\t\t\t\t\t\t<div class=\"elementor-spacer\">\n\t\t\t<div class=\"elementor-spacer-inner\"><\/div>\n\t\t<\/div>\n\t\t\t\t\t\t<\/div>\n\t\t\t\t<\/div>\n\t\t\t\t\t<\/div>\n\t\t<\/div>\n\t\t\t\t\t<\/div>\n\t\t<\/section>\n\t\t\t\t<\/div>","protected":false},"excerpt":{"rendered":"<p>Programa de atenci\u00f3n a Comunidades 1.\u00a0 \u00a0 \u00a0 Programa de Trueque de alimento por trabajo comunitario No existe un reporte exacto de los miles de toneladas que este programa ha distribuido durante 40 a\u00f1os; pero desde hace 10 a\u00f1os se ha repartido un promedio anual de 180 toneladas de v\u00edveres a comunidades ind\u00edgenas muy aisladas [&hellip;]<\/p>\n","protected":false},"author":1,"featured_media":0,"parent":0,"menu_order":0,"comment_status":"closed","ping_status":"closed","template":"","meta":{"give_campaign_id":0,"site-sidebar-layout":"no-sidebar","site-content-layout":"page-builder","ast-site-content-layout":"default","site-content-style":"default","site-sidebar-style":"default","ast-global-header-display":"","ast-banner-title-visibility":"","ast-main-header-display":"","ast-hfb-above-header-display":"","ast-hfb-below-header-display":"","ast-hfb-mobile-header-display":"","site-post-title":"disabled","ast-breadcrumbs-content":"","ast-featured-img":"disabled","footer-sml-layout":"","ast-disable-related-posts":"","theme-transparent-header-meta":"default","adv-header-id-meta":"","stick-header-meta":"","header-above-stick-meta":"","header-main-stick-meta":"","header-below-stick-meta":"","astra-migrate-meta-layouts":"default","ast-page-background-enabled":"default","ast-page-background-meta":{"desktop":{"background-color":"","background-image":"","background-repeat":"repeat","background-position":"center center","background-size":"auto","background-attachment":"scroll","background-type":"","background-media":"","overlay-type":"","overlay-color":"","overlay-opacity":"","overlay-gradient":""},"tablet":{"background-color":"","background-image":"","background-repeat":"repeat","background-position":"center center","background-size":"auto","background-attachment":"scroll","background-type":"","background-media":"","overlay-type":"","overlay-color":"","overlay-opacity":"","overlay-gradient":""},"mobile":{"background-color":"","background-image":"","background-repeat":"repeat","background-position":"center center","background-size":"auto","background-attachment":"scroll","background-type":"","background-media":"","overlay-type":"","overlay-color":"","overlay-opacity":"","overlay-gradient":""}},"ast-content-background-meta":{"desktop":{"background-color":"var(--ast-global-color-5)","background-image":"","background-repeat":"repeat","background-position":"center center","background-size":"auto","background-attachment":"scroll","background-type":"","background-media":"","overlay-type":"","overlay-color":"","overlay-opacity":"","overlay-gradient":""},"tablet":{"background-color":"var(--ast-global-color-5)","background-image":"","background-repeat":"repeat","background-position":"center center","background-size":"auto","background-attachment":"scroll","background-type":"","background-media":"","overlay-type":"","overlay-color":"","overlay-opacity":"","overlay-gradient":""},"mobile":{"background-color":"var(--ast-global-color-5)","background-image":"","background-repeat":"repeat","background-position":"center center","background-size":"auto","background-attachment":"scroll","background-type":"","background-media":"","overlay-type":"","overlay-color":"","overlay-opacity":"","overlay-gradient":""}},"footnotes":""},"class_list":["post-1345","page","type-page","status-publish","hentry"],"campaignId":"","_links":{"self":[{"href":"https:\/\/cacstac.org\/en\/wp-json\/wp\/v2\/pages\/1345","targetHints":{"allow":["GET"]}}],"collection":[{"href":"https:\/\/cacstac.org\/en\/wp-json\/wp\/v2\/pages"}],"about":[{"href":"https:\/\/cacstac.org\/en\/wp-json\/wp\/v2\/types\/page"}],"author":[{"embeddable":true,"href":"https:\/\/cacstac.org\/en\/wp-json\/wp\/v2\/users\/1"}],"replies":[{"embeddable":true,"href":"https:\/\/cacstac.org\/en\/wp-json\/wp\/v2\/comments?post=1345"}],"version-history":[{"count":3,"href":"https:\/\/cacstac.org\/en\/wp-json\/wp\/v2\/pages\/1345\/revisions"}],"predecessor-version":[{"id":1348,"href":"https:\/\/cacstac.org\/en\/wp-json\/wp\/v2\/pages\/1345\/revisions\/1348"}],"wp:attachment":[{"href":"https:\/\/cacstac.org\/en\/wp-json\/wp\/v2\/media?parent=1345"}],"curies":[{"name":"wp","href":"https:\/\/api.w.org\/{rel}","templated":true}]}}