{"id":1330,"date":"2020-06-21T16:11:59","date_gmt":"2020-06-21T16:11:59","guid":{"rendered":"https:\/\/jesuitastarahumara.org\/?page_id=1330"},"modified":"2022-11-25T18:18:04","modified_gmt":"2022-11-25T18:18:04","slug":"escuela-internado-de-rejogochi","status":"publish","type":"page","link":"https:\/\/cacstac.org\/en\/escuela-internado-de-rejogochi\/","title":{"rendered":"Escuela Internado de Rejogochi"},"content":{"rendered":"<div data-elementor-type=\"wp-page\" data-elementor-id=\"1330\" class=\"elementor elementor-1330\">\n\t\t\t\t\t\t<section class=\"elementor-section elementor-top-section elementor-element elementor-element-45d3448 elementor-section-boxed elementor-section-height-default elementor-section-height-default\" data-id=\"45d3448\" data-element_type=\"section\" data-e-type=\"section\">\n\t\t\t\t\t\t<div class=\"elementor-container elementor-column-gap-default\">\n\t\t\t\t\t<div class=\"elementor-column elementor-col-100 elementor-top-column elementor-element elementor-element-5065c69\" data-id=\"5065c69\" data-element_type=\"column\" data-e-type=\"column\">\n\t\t\t<div class=\"elementor-widget-wrap elementor-element-populated\">\n\t\t\t\t\t\t<div class=\"elementor-element elementor-element-fd0e8a3 elementor-widget elementor-widget-spacer\" data-id=\"fd0e8a3\" data-element_type=\"widget\" data-e-type=\"widget\" data-widget_type=\"spacer.default\">\n\t\t\t\t<div class=\"elementor-widget-container\">\n\t\t\t\t\t\t\t<div class=\"elementor-spacer\">\n\t\t\t<div class=\"elementor-spacer-inner\"><\/div>\n\t\t<\/div>\n\t\t\t\t\t\t<\/div>\n\t\t\t\t<\/div>\n\t\t\t\t<div class=\"elementor-element elementor-element-6c001fa elementor-widget elementor-widget-heading\" data-id=\"6c001fa\" data-element_type=\"widget\" data-e-type=\"widget\" data-widget_type=\"heading.default\">\n\t\t\t\t<div class=\"elementor-widget-container\">\n\t\t\t\t\t<h2 class=\"elementor-heading-title elementor-size-default\">Escuela primaria Intercultural Ben\u00e9sika Anagupi <\/h2>\t\t\t\t<\/div>\n\t\t\t\t<\/div>\n\t\t\t\t\t<\/div>\n\t\t<\/div>\n\t\t\t\t\t<\/div>\n\t\t<\/section>\n\t\t\t\t<section class=\"elementor-section elementor-top-section elementor-element elementor-element-dc7f9cc elementor-section-boxed elementor-section-height-default elementor-section-height-default\" data-id=\"dc7f9cc\" data-element_type=\"section\" data-e-type=\"section\">\n\t\t\t\t\t\t<div class=\"elementor-container elementor-column-gap-default\">\n\t\t\t\t\t<div class=\"elementor-column elementor-col-100 elementor-top-column elementor-element elementor-element-993cabb\" data-id=\"993cabb\" data-element_type=\"column\" data-e-type=\"column\">\n\t\t\t<div class=\"elementor-widget-wrap elementor-element-populated\">\n\t\t\t\t\t\t<div class=\"elementor-element elementor-element-97dd8a8 elementor-widget elementor-widget-video\" data-id=\"97dd8a8\" data-element_type=\"widget\" data-e-type=\"widget\" data-settings=\"{&quot;youtube_url&quot;:&quot;https:\\\/\\\/www.youtube.com\\\/watch?v=pK_2poFpT-A&amp;feature=youtu.be&quot;,&quot;autoplay&quot;:&quot;yes&quot;,&quot;start&quot;:0.1,&quot;video_type&quot;:&quot;youtube&quot;,&quot;controls&quot;:&quot;yes&quot;}\" data-widget_type=\"video.default\">\n\t\t\t\t<div class=\"elementor-widget-container\">\n\t\t\t\t\t\t\t<div class=\"elementor-wrapper elementor-open-inline\">\n\t\t\t<div class=\"elementor-video\"><\/div>\t\t<\/div>\n\t\t\t\t\t\t<\/div>\n\t\t\t\t<\/div>\n\t\t\t\t<div class=\"elementor-element elementor-element-18d314b elementor-widget elementor-widget-text-editor\" data-id=\"18d314b\" data-element_type=\"widget\" data-e-type=\"widget\" data-widget_type=\"text-editor.default\">\n\t\t\t\t<div class=\"elementor-widget-container\">\n\t\t\t\t\t\t\t\t\t<p>Logros de la Escuela:<\/p><p>Con m\u00e1s de 40 a\u00f1os, la Escuela ha dado educaci\u00f3n primaria biling\u00fce y bicultural a toda la poblaci\u00f3n actual de Rejogochi; pr\u00e1cticamente todos los adultos de la comunidad saben leer y escribir y tienen nociones b\u00e1sicas de matem\u00e1ticas. El n\u00famero de alumnos y de graduados se ha estabilizado en 80 alumnos y 8 graduados por a\u00f1o (promedio). El n\u00famero de los que inician la secundaria ha pasado de cero al 50% de los egresados.<\/p><p>Se ha insistido en el aprecio por su cultura -fiestas y tradiciones- y su lengua. Tambi\u00e9n se favorece el aprendizaje de tareas agr\u00edcolas tradicionales y elaboraci\u00f3n de artesan\u00eda. Se fomenta el cuidado de \u00e1rboles frutales y hortaliza.<\/p><p>La Escuela provee de \u00fatiles escolares, ropa y medicina \u2013gratuitamente- a ni\u00f1as y ni\u00f1os que, tambi\u00e9n reciben desayuno y comida de lunes a viernes.<\/p><p>La atienden 11 personas, 7 maestros y tres asistentes\/cocineras, 9 de ellas son Rar\u00e1muri; cuenta con instalaciones y mobiliario adecuados y renovados peri\u00f3dicamente.<\/p><p>A partir de octubre de 2014 se cuenta con clave propia para el reconocimiento de estudios, la cual tambi\u00e9n cobija a otros tres centros anexos de la regi\u00f3n (Ku\u00e9chi, Pawichiqui, Bawinocachi).<\/p><p><strong><em>Impacto indirecto <\/em><\/strong><\/p><p>Gracias a la acci\u00f3n de la escuela hay un mayor aprecio de la educaci\u00f3n escolar e involucramiento en la misma por parte de los padres de familia y el deseo de que sus hijos terminen la primaria y hagan la secundaria. Es muy de se\u00f1alar que esto se da por igual para ni\u00f1os y ni\u00f1as. De hecho la proporci\u00f3n de alumnos y alumnas es pr\u00e1cticamente la misma.<\/p><p>Una mejor\u00eda en la nutrici\u00f3n, salud e higiene de los ni\u00f1os de entre 5 y 14 a\u00f1os y un aprendizaje de esas pr\u00e1cticas por parte de los alumnos y la comunidad<\/p>\t\t\t\t\t\t\t\t<\/div>\n\t\t\t\t<\/div>\n\t\t\t\t<div class=\"elementor-element elementor-element-068d1c2 elementor-widget elementor-widget-image\" data-id=\"068d1c2\" data-element_type=\"widget\" data-e-type=\"widget\" data-widget_type=\"image.default\">\n\t\t\t\t<div class=\"elementor-widget-container\">\n\t\t\t\t\t\t\t\t\t\t\t\t\t\t\t<img fetchpriority=\"high\" decoding=\"async\" width=\"1024\" height=\"576\" src=\"https:\/\/cacstac.org\/wp-content\/uploads\/2020\/06\/Prof.-Aurelio-en-clase-1024x576.jpg\" class=\"attachment-large size-large wp-image-1265\" alt=\"\" srcset=\"https:\/\/cacstac.org\/wp-content\/uploads\/2020\/06\/Prof.-Aurelio-en-clase-1024x576.jpg 1024w, https:\/\/cacstac.org\/wp-content\/uploads\/2020\/06\/Prof.-Aurelio-en-clase-300x169.jpg 300w, https:\/\/cacstac.org\/wp-content\/uploads\/2020\/06\/Prof.-Aurelio-en-clase-768x432.jpg 768w, https:\/\/cacstac.org\/wp-content\/uploads\/2020\/06\/Prof.-Aurelio-en-clase-1536x864.jpg 1536w, https:\/\/cacstac.org\/wp-content\/uploads\/2020\/06\/Prof.-Aurelio-en-clase-2048x1152.jpg 2048w\" sizes=\"(max-width: 1024px) 100vw, 1024px\" \/>\t\t\t\t\t\t\t\t\t\t\t\t\t\t\t<\/div>\n\t\t\t\t<\/div>\n\t\t\t\t<div class=\"elementor-element elementor-element-b0d4d8b elementor-arrows-position-inside elementor-widget elementor-widget-image-carousel\" data-id=\"b0d4d8b\" data-element_type=\"widget\" data-e-type=\"widget\" data-settings=\"{&quot;slides_to_show&quot;:&quot;6&quot;,&quot;navigation&quot;:&quot;arrows&quot;,&quot;autoplay&quot;:&quot;yes&quot;,&quot;pause_on_hover&quot;:&quot;yes&quot;,&quot;pause_on_interaction&quot;:&quot;yes&quot;,&quot;autoplay_speed&quot;:5000,&quot;infinite&quot;:&quot;yes&quot;,&quot;speed&quot;:500}\" data-widget_type=\"image-carousel.default\">\n\t\t\t\t<div class=\"elementor-widget-container\">\n\t\t\t\t\t\t\t<div class=\"elementor-image-carousel-wrapper swiper\" role=\"region\" aria-roledescription=\"carousel\" aria-label=\"Carrusel de Im\u00e1genes\" dir=\"ltr\">\n\t\t\t<div class=\"elementor-image-carousel swiper-wrapper\" aria-live=\"off\">\n\t\t\t\t\t\t\t\t<div class=\"swiper-slide\" role=\"group\" aria-roledescription=\"slide\" aria-label=\"1 de 9\"><figure class=\"swiper-slide-inner\"><img decoding=\"async\" class=\"swiper-slide-image\" src=\"https:\/\/cacstac.org\/wp-content\/uploads\/2020\/06\/2-Semana-Santa-Rejogochi-150x150.jpg\" alt=\"2 Semana Santa Rejogochi\" \/><\/figure><\/div><div class=\"swiper-slide\" role=\"group\" aria-roledescription=\"slide\" aria-label=\"2 de 9\"><figure class=\"swiper-slide-inner\"><img decoding=\"async\" class=\"swiper-slide-image\" src=\"https:\/\/cacstac.org\/wp-content\/uploads\/2020\/06\/Prof.-Aurelio-en-clase-150x150.jpg\" alt=\"Prof. Aurelio en clase\" \/><\/figure><\/div><div class=\"swiper-slide\" role=\"group\" aria-roledescription=\"slide\" aria-label=\"3 de 9\"><figure class=\"swiper-slide-inner\"><img decoding=\"async\" class=\"swiper-slide-image\" src=\"https:\/\/cacstac.org\/wp-content\/uploads\/2020\/06\/IMG-20180709-WA0003-150x150.jpg\" alt=\"IMG-20180709-WA0003\" \/><\/figure><\/div><div class=\"swiper-slide\" role=\"group\" aria-roledescription=\"slide\" aria-label=\"4 de 9\"><figure class=\"swiper-slide-inner\"><img decoding=\"async\" class=\"swiper-slide-image\" src=\"https:\/\/cacstac.org\/wp-content\/uploads\/2020\/06\/IMG_4630-150x150.jpg\" alt=\"\" \/><\/figure><\/div><div class=\"swiper-slide\" role=\"group\" aria-roledescription=\"slide\" aria-label=\"5 de 9\"><figure class=\"swiper-slide-inner\"><img decoding=\"async\" class=\"swiper-slide-image\" src=\"https:\/\/cacstac.org\/wp-content\/uploads\/2020\/06\/Rejogochi.letrero-150x150.jpg\" alt=\"Rejogochi.letrero\" \/><\/figure><\/div><div class=\"swiper-slide\" role=\"group\" aria-roledescription=\"slide\" aria-label=\"6 de 9\"><figure class=\"swiper-slide-inner\"><img decoding=\"async\" class=\"swiper-slide-image\" src=\"https:\/\/cacstac.org\/wp-content\/uploads\/2020\/06\/19-02-18-Rejo-Esc-GAD05-150x150.jpg\" alt=\"19 02 18 Rejo Esc =GAD=05\" \/><\/figure><\/div><div class=\"swiper-slide\" role=\"group\" aria-roledescription=\"slide\" aria-label=\"7 de 9\"><figure class=\"swiper-slide-inner\"><img decoding=\"async\" class=\"swiper-slide-image\" src=\"https:\/\/cacstac.org\/wp-content\/uploads\/2020\/06\/9-Semana-Santa-Rejochi-150x150.jpg\" alt=\"9 Semana Santa Rejochi\" \/><\/figure><\/div><div class=\"swiper-slide\" role=\"group\" aria-roledescription=\"slide\" aria-label=\"8 de 9\"><figure class=\"swiper-slide-inner\"><img decoding=\"async\" class=\"swiper-slide-image\" src=\"https:\/\/cacstac.org\/wp-content\/uploads\/2020\/06\/3-Pintos-Rejogochi-150x150.jpg\" alt=\"3 pintos rejogochi\" \/><\/figure><\/div><div class=\"swiper-slide\" role=\"group\" aria-roledescription=\"slide\" aria-label=\"9 de 9\"><figure class=\"swiper-slide-inner\"><img decoding=\"async\" class=\"swiper-slide-image\" src=\"https:\/\/cacstac.org\/wp-content\/uploads\/2020\/06\/IMG_4588-150x150.jpg\" alt=\"IMG_4588\" \/><\/figure><\/div>\t\t\t<\/div>\n\t\t\t\t\t\t\t\t\t\t\t\t<div class=\"elementor-swiper-button elementor-swiper-button-prev\" role=\"button\" tabindex=\"0\">\n\t\t\t\t\t\t<i aria-hidden=\"true\" class=\"eicon-chevron-left\"><\/i>\t\t\t\t\t<\/div>\n\t\t\t\t\t<div class=\"elementor-swiper-button elementor-swiper-button-next\" role=\"button\" tabindex=\"0\">\n\t\t\t\t\t\t<i aria-hidden=\"true\" class=\"eicon-chevron-right\"><\/i>\t\t\t\t\t<\/div>\n\t\t\t\t\n\t\t\t\t\t\t\t\t\t<\/div>\n\t\t\t\t\t\t<\/div>\n\t\t\t\t<\/div>\n\t\t\t\t\t<\/div>\n\t\t<\/div>\n\t\t\t\t\t<\/div>\n\t\t<\/section>\n\t\t\t\t<\/div>","protected":false},"excerpt":{"rendered":"<p>Escuela primaria Intercultural Ben\u00e9sika Anagupi Logros de la Escuela: Con m\u00e1s de 40 a\u00f1os, la Escuela ha dado educaci\u00f3n primaria biling\u00fce y bicultural a toda la poblaci\u00f3n actual de Rejogochi; pr\u00e1cticamente todos los adultos de la comunidad saben leer y escribir y tienen nociones b\u00e1sicas de matem\u00e1ticas. El n\u00famero de alumnos y de graduados se [&hellip;]<\/p>\n","protected":false},"author":1,"featured_media":0,"parent":0,"menu_order":0,"comment_status":"closed","ping_status":"closed","template":"","meta":{"give_campaign_id":0,"site-sidebar-layout":"no-sidebar","site-content-layout":"page-builder","ast-site-content-layout":"default","site-content-style":"default","site-sidebar-style":"default","ast-global-header-display":"","ast-banner-title-visibility":"","ast-main-header-display":"","ast-hfb-above-header-display":"","ast-hfb-below-header-display":"","ast-hfb-mobile-header-display":"","site-post-title":"disabled","ast-breadcrumbs-content":"","ast-featured-img":"disabled","footer-sml-layout":"","ast-disable-related-posts":"","theme-transparent-header-meta":"default","adv-header-id-meta":"","stick-header-meta":"","header-above-stick-meta":"","header-main-stick-meta":"","header-below-stick-meta":"","astra-migrate-meta-layouts":"default","ast-page-background-enabled":"default","ast-page-background-meta":{"desktop":{"background-color":"","background-image":"","background-repeat":"repeat","background-position":"center center","background-size":"auto","background-attachment":"scroll","background-type":"","background-media":"","overlay-type":"","overlay-color":"","overlay-opacity":"","overlay-gradient":""},"tablet":{"background-color":"","background-image":"","background-repeat":"repeat","background-position":"center center","background-size":"auto","background-attachment":"scroll","background-type":"","background-media":"","overlay-type":"","overlay-color":"","overlay-opacity":"","overlay-gradient":""},"mobile":{"background-color":"","background-image":"","background-repeat":"repeat","background-position":"center center","background-size":"auto","background-attachment":"scroll","background-type":"","background-media":"","overlay-type":"","overlay-color":"","overlay-opacity":"","overlay-gradient":""}},"ast-content-background-meta":{"desktop":{"background-color":"var(--ast-global-color-5)","background-image":"","background-repeat":"repeat","background-position":"center center","background-size":"auto","background-attachment":"scroll","background-type":"","background-media":"","overlay-type":"","overlay-color":"","overlay-opacity":"","overlay-gradient":""},"tablet":{"background-color":"var(--ast-global-color-5)","background-image":"","background-repeat":"repeat","background-position":"center center","background-size":"auto","background-attachment":"scroll","background-type":"","background-media":"","overlay-type":"","overlay-color":"","overlay-opacity":"","overlay-gradient":""},"mobile":{"background-color":"var(--ast-global-color-5)","background-image":"","background-repeat":"repeat","background-position":"center center","background-size":"auto","background-attachment":"scroll","background-type":"","background-media":"","overlay-type":"","overlay-color":"","overlay-opacity":"","overlay-gradient":""}},"footnotes":""},"class_list":["post-1330","page","type-page","status-publish","hentry"],"campaignId":"","_links":{"self":[{"href":"https:\/\/cacstac.org\/en\/wp-json\/wp\/v2\/pages\/1330","targetHints":{"allow":["GET"]}}],"collection":[{"href":"https:\/\/cacstac.org\/en\/wp-json\/wp\/v2\/pages"}],"about":[{"href":"https:\/\/cacstac.org\/en\/wp-json\/wp\/v2\/types\/page"}],"author":[{"embeddable":true,"href":"https:\/\/cacstac.org\/en\/wp-json\/wp\/v2\/users\/1"}],"replies":[{"embeddable":true,"href":"https:\/\/cacstac.org\/en\/wp-json\/wp\/v2\/comments?post=1330"}],"version-history":[{"count":9,"href":"https:\/\/cacstac.org\/en\/wp-json\/wp\/v2\/pages\/1330\/revisions"}],"predecessor-version":[{"id":2325,"href":"https:\/\/cacstac.org\/en\/wp-json\/wp\/v2\/pages\/1330\/revisions\/2325"}],"wp:attachment":[{"href":"https:\/\/cacstac.org\/en\/wp-json\/wp\/v2\/media?parent=1330"}],"curies":[{"name":"wp","href":"https:\/\/api.w.org\/{rel}","templated":true}]}}