{"id":1309,"date":"2020-06-19T14:15:56","date_gmt":"2020-06-19T14:15:56","guid":{"rendered":"https:\/\/jesuitastarahumara.org\/?page_id=1309"},"modified":"2020-06-24T15:26:03","modified_gmt":"2020-06-24T15:26:03","slug":"unidad-medica-santa-teresita","status":"publish","type":"page","link":"https:\/\/cacstac.org\/en\/unidad-medica-santa-teresita\/","title":{"rendered":"Unidad M\u00e9dica Santa Teresita"},"content":{"rendered":"<div data-elementor-type=\"wp-page\" data-elementor-id=\"1309\" class=\"elementor elementor-1309\">\n\t\t\t\t\t\t<section class=\"elementor-section elementor-top-section elementor-element elementor-element-8cd4b81 elementor-section-boxed elementor-section-height-default elementor-section-height-default\" data-id=\"8cd4b81\" data-element_type=\"section\" data-e-type=\"section\">\n\t\t\t\t\t\t<div class=\"elementor-container elementor-column-gap-default\">\n\t\t\t\t\t<div class=\"elementor-column elementor-col-100 elementor-top-column elementor-element elementor-element-5cfbfeb\" data-id=\"5cfbfeb\" data-element_type=\"column\" data-e-type=\"column\">\n\t\t\t<div class=\"elementor-widget-wrap elementor-element-populated\">\n\t\t\t\t\t\t<div class=\"elementor-element elementor-element-c742497 elementor-widget elementor-widget-spacer\" data-id=\"c742497\" data-element_type=\"widget\" data-e-type=\"widget\" data-widget_type=\"spacer.default\">\n\t\t\t\t<div class=\"elementor-widget-container\">\n\t\t\t\t\t\t\t<div class=\"elementor-spacer\">\n\t\t\t<div class=\"elementor-spacer-inner\"><\/div>\n\t\t<\/div>\n\t\t\t\t\t\t<\/div>\n\t\t\t\t<\/div>\n\t\t\t\t<div class=\"elementor-element elementor-element-1f78779 elementor-widget elementor-widget-heading\" data-id=\"1f78779\" data-element_type=\"widget\" data-e-type=\"widget\" data-widget_type=\"heading.default\">\n\t\t\t\t<div class=\"elementor-widget-container\">\n\t\t\t\t\t<h2 class=\"elementor-heading-title elementor-size-default\">Unidad M\u00e9dica Santa Teresita<\/h2>\t\t\t\t<\/div>\n\t\t\t\t<\/div>\n\t\t\t\t<div class=\"elementor-element elementor-element-96c1d54 elementor-widget elementor-widget-video\" data-id=\"96c1d54\" data-element_type=\"widget\" data-e-type=\"widget\" data-settings=\"{&quot;video_type&quot;:&quot;hosted&quot;,&quot;autoplay&quot;:&quot;yes&quot;,&quot;controls&quot;:&quot;yes&quot;}\" data-widget_type=\"video.default\">\n\t\t\t\t<div class=\"elementor-widget-container\">\n\t\t\t\t\t\t\t<div class=\"e-hosted-video elementor-wrapper elementor-open-inline\">\n\t\t\t\t\t<video class=\"elementor-video\" src=\"https:\/\/338.c7b.myftpupload.com\/wp-content\/uploads\/2020\/06\/En-qu\u00e9-consiste-tu-trabajo-Parte-1-Final.mov\" autoplay=\"\" controls=\"\" controlslist=\"nodownload\"><\/video>\n\t\t\t\t<\/div>\n\t\t\t\t\t\t<\/div>\n\t\t\t\t<\/div>\n\t\t\t\t\t<\/div>\n\t\t<\/div>\n\t\t\t\t\t<\/div>\n\t\t<\/section>\n\t\t\t\t<section class=\"elementor-section elementor-top-section elementor-element elementor-element-0fda59d elementor-section-boxed elementor-section-height-default elementor-section-height-default\" data-id=\"0fda59d\" data-element_type=\"section\" data-e-type=\"section\">\n\t\t\t\t\t\t<div class=\"elementor-container elementor-column-gap-default\">\n\t\t\t\t\t<div class=\"elementor-column elementor-col-100 elementor-top-column elementor-element elementor-element-e112128\" data-id=\"e112128\" data-element_type=\"column\" data-e-type=\"column\">\n\t\t\t<div class=\"elementor-widget-wrap\">\n\t\t\t\t\t\t\t<\/div>\n\t\t<\/div>\n\t\t\t\t\t<\/div>\n\t\t<\/section>\n\t\t\t\t<section class=\"elementor-section elementor-top-section elementor-element elementor-element-b17bf1a elementor-section-boxed elementor-section-height-default elementor-section-height-default\" data-id=\"b17bf1a\" data-element_type=\"section\" data-e-type=\"section\">\n\t\t\t\t\t\t<div class=\"elementor-container elementor-column-gap-default\">\n\t\t\t\t\t<div class=\"elementor-column elementor-col-100 elementor-top-column elementor-element elementor-element-ce6c3df\" data-id=\"ce6c3df\" data-element_type=\"column\" data-e-type=\"column\">\n\t\t\t<div class=\"elementor-widget-wrap elementor-element-populated\">\n\t\t\t\t\t\t<div class=\"elementor-element elementor-element-2023cab elementor-widget elementor-widget-text-editor\" data-id=\"2023cab\" data-element_type=\"widget\" data-e-type=\"widget\" data-widget_type=\"text-editor.default\">\n\t\t\t\t<div class=\"elementor-widget-container\">\n\t\t\t\t\t\t\t\t\t<p>\u00a0<\/p><p>La Cl\u00ednica tiene implementados los siguientes programas:<\/p><ol><li>Tuberculosis Pulmonar,<\/li><li>Senior healthcare (Chronic degenerative)<\/li><li>Vacunaci\u00f3n,<\/li><li>Estimulaci\u00f3n temprana,<\/li><li>Nutrition.\u00a0<\/li><\/ol><p>Dentro del Programa de maternidad se llevan:<\/p><ol><li>Planificaci\u00f3n familiar,<\/li><li>Citolog\u00eda,<\/li><li>Control prenatal (s\u00f3lo dos controles al a\u00f1o),<\/li><li>Partos ordinariamente no atendemos a menos que el producto est\u00e9 a punto de ser expulsado.<\/li><\/ol><p>Las pacientes embarazadas est\u00e1n bajo control de las Unidades M\u00e9dicas de la Secretar\u00eda de Salud.<br \/><br \/><\/p><p><strong>Logros<\/strong><\/p><ol><li>El logro fundamental es haber rescatado de una muerte segura a m\u00e1s de 15,000 ni\u00f1os y adultos Rar\u00e1muri. De 2003 a 2019 -16 a\u00f1os- nuestra Cl\u00ednica dio <strong><em>32,320 consultas<\/em><\/strong>; de las que 25,402 fueron pedi\u00e1tricas; la mayor\u00eda de ni\u00f1os menores de 5 a\u00f1os.<\/li><\/ol><p>Aunque no es el \u00fanico factor, la Cl\u00ednica ha contribuido significativamente al descenso de la mortalidad infantil -de 75 % en 1964 a un 20% en la actualidad- en toda la zona aleda\u00f1a.<\/p><p>Durante el periodo arriba mencionado se atendieron 5,873 urgencias, 2,998 adultos en hospitalizaci\u00f3n, 4,700 ni\u00f1os hospitalizados, 189 casos ginecol\u00f3gicos, 69,284 estudios de laboratorio; 12,854 estudios de laboratorio a pacientes hospitalizados, 12,526 estudios de Rayos X para de los cuales 9,754 fueron para pacientes hospitalizados.\u00a0 Se realizaron 3,332 traslados, se atendieron 163 partos, y tuvimos 146 defunciones.<\/p><p>Las enfermedades que atendemos son de las m\u00e1s comunes: desnutrici\u00f3n, tuberculosis, enfermedades gastrointestinales, respiratorias y cut\u00e1neas; pero en este mundo con frecuencia son mortales. Esto se debe, en buena parte, a la falta de agua potable cerca de las comunidades, al progresivo deterioro de sus cosechas y la consiguiente desnutrici\u00f3n, a la dureza del clima y a las dificultades de higiene.<\/p><p>\u00a0<\/p><ol start=\"2\"><li>Otro logro importante es la progresiva constituci\u00f3n de un equipo capacitado y comprometido que se encarga del servicio, que va asumiendo la cultura o el modo de vida de los Rar\u00e1muri y va adecuando sus conocimientos y pr\u00e1cticas m\u00e9dicas a dicha cultura. Actualmente trabajan en el hospital 60 personas:<\/li><\/ol><ul><li>4 m\u00e9dicos generales de planta.<\/li><li>3 m\u00e9dicos generales de tiempo parcial.<\/li><li>1 residente del Instituto Nacional de Pediatr\u00eda que cambia cada 3 meses.<\/li><li>1 laboratorista.<\/li><li>1 t\u00e9cnico en rayos X.<\/li><li>10 enfermeras graduadas.<\/li><li>9 pasantes de enfermer\u00eda que vienen por un a\u00f1o.<\/li><li>20 auxiliares de enfermer\u00eda.<\/li><li>13 traductores Rar\u00e1muri.<\/li><li>24 personas en diversos servicios: 2 farmacia, 5 administraci\u00f3n y recepci\u00f3n, 11 servicios generales (cocina, limpieza), 2 choferes, 5 en mantenimiento.<\/li><li>1 directora y cuatro asistentes-coordinadoras<\/li><\/ul><p><strong>\u00a0<\/strong><\/p><ol start=\"3\"><li>Un tercer logro es la construcci\u00f3n y equipamiento de una cl\u00ednica adecuada para la atenci\u00f3n y el servicio de los pacientes. El establecimiento de una casa y un comedor para hospedaje de familiares de los ni\u00f1os enfermos y de varios edificios para albergar a m\u00e9dicos residentes, enfermeras, pasantes de medicina o enfermer\u00eda y m\u00e9dicos visitantes.<br \/><br \/><\/li><\/ol><p>Actualmente, el hospital cuenta con 72 camas censables, 20 para hospitalizaci\u00f3n pedi\u00e1trica, 16 para adultos, 28 para recuperaci\u00f3n nutricional de ni\u00f1os y 8 en el pabell\u00f3n de tuberculosos; cuenta con laboratorio cl\u00ednico, rayos X, sala de admisi\u00f3n continua para urgencias, tres consultorios y una farmacia; adem\u00e1s de las instalaciones de servicio para su funcionamiento: sala de esterilizaci\u00f3n, cocina, comedor para el personal, cocina para preparar y refrigerar biberones, lavander\u00eda, etc. Tenemos el equipo y mobiliario indispensables: sistema de ox\u00edgeno, aparatos e instrumental adecuado, incubadoras, veh\u00edculos, etc. para la atenci\u00f3n de los pacientes y\/o su traslado a Chihuahua.<\/p>\t\t\t\t\t\t\t\t<\/div>\n\t\t\t\t<\/div>\n\t\t\t\t\t<\/div>\n\t\t<\/div>\n\t\t\t\t\t<\/div>\n\t\t<\/section>\n\t\t\t\t<section class=\"elementor-section elementor-top-section elementor-element elementor-element-2afeaa5 elementor-section-boxed elementor-section-height-default elementor-section-height-default\" data-id=\"2afeaa5\" data-element_type=\"section\" data-e-type=\"section\">\n\t\t\t\t\t\t<div class=\"elementor-container elementor-column-gap-default\">\n\t\t\t\t\t<div class=\"elementor-column elementor-col-100 elementor-top-column elementor-element elementor-element-1d4bd68\" data-id=\"1d4bd68\" data-element_type=\"column\" data-e-type=\"column\">\n\t\t\t<div class=\"elementor-widget-wrap\">\n\t\t\t\t\t\t\t<\/div>\n\t\t<\/div>\n\t\t\t\t\t<\/div>\n\t\t<\/section>\n\t\t\t\t<section class=\"elementor-section elementor-top-section elementor-element elementor-element-8dcf061 elementor-section-boxed elementor-section-height-default elementor-section-height-default\" data-id=\"8dcf061\" data-element_type=\"section\" data-e-type=\"section\">\n\t\t\t\t\t\t<div class=\"elementor-container elementor-column-gap-default\">\n\t\t\t\t\t<div class=\"elementor-column elementor-col-50 elementor-top-column elementor-element elementor-element-303a7e5\" data-id=\"303a7e5\" data-element_type=\"column\" data-e-type=\"column\">\n\t\t\t<div class=\"elementor-widget-wrap elementor-element-populated\">\n\t\t\t\t\t\t<div class=\"elementor-element elementor-element-bbc3b01 elementor-widget elementor-widget-image\" data-id=\"bbc3b01\" data-element_type=\"widget\" data-e-type=\"widget\" data-widget_type=\"image.default\">\n\t\t\t\t<div class=\"elementor-widget-container\">\n\t\t\t\t\t\t\t\t\t\t\t\t\t\t\t<img fetchpriority=\"high\" decoding=\"async\" width=\"1024\" height=\"578\" src=\"https:\/\/cacstac.org\/wp-content\/uploads\/2020\/06\/Sor-Irma-L\u00f3pez-y-equipo-de-enfermer\u00eda-1024x578.jpg\" class=\"attachment-large size-large wp-image-1288\" alt=\"\" srcset=\"https:\/\/cacstac.org\/wp-content\/uploads\/2020\/06\/Sor-Irma-L\u00f3pez-y-equipo-de-enfermer\u00eda-1024x578.jpg 1024w, https:\/\/cacstac.org\/wp-content\/uploads\/2020\/06\/Sor-Irma-L\u00f3pez-y-equipo-de-enfermer\u00eda-300x169.jpg 300w, https:\/\/cacstac.org\/wp-content\/uploads\/2020\/06\/Sor-Irma-L\u00f3pez-y-equipo-de-enfermer\u00eda-768x433.jpg 768w, https:\/\/cacstac.org\/wp-content\/uploads\/2020\/06\/Sor-Irma-L\u00f3pez-y-equipo-de-enfermer\u00eda-1536x867.jpg 1536w, https:\/\/cacstac.org\/wp-content\/uploads\/2020\/06\/Sor-Irma-L\u00f3pez-y-equipo-de-enfermer\u00eda-2048x1155.jpg 2048w\" sizes=\"(max-width: 1024px) 100vw, 1024px\" \/>\t\t\t\t\t\t\t\t\t\t\t\t\t\t\t<\/div>\n\t\t\t\t<\/div>\n\t\t\t\t\t<\/div>\n\t\t<\/div>\n\t\t\t\t<div class=\"elementor-column elementor-col-50 elementor-top-column elementor-element elementor-element-fc24fa8\" data-id=\"fc24fa8\" data-element_type=\"column\" data-e-type=\"column\">\n\t\t\t<div class=\"elementor-widget-wrap elementor-element-populated\">\n\t\t\t\t\t\t<div class=\"elementor-element elementor-element-33ad798 elementor-widget elementor-widget-image\" data-id=\"33ad798\" data-element_type=\"widget\" data-e-type=\"widget\" data-widget_type=\"image.default\">\n\t\t\t\t<div class=\"elementor-widget-container\">\n\t\t\t\t\t\t\t\t\t\t\t\t\t\t\t<img decoding=\"async\" width=\"960\" height=\"720\" src=\"https:\/\/cacstac.org\/wp-content\/uploads\/2020\/06\/1-Ambulancia-Recomendada.jpg\" class=\"attachment-large size-large wp-image-1249\" alt=\"\" srcset=\"https:\/\/cacstac.org\/wp-content\/uploads\/2020\/06\/1-Ambulancia-Recomendada.jpg 960w, https:\/\/cacstac.org\/wp-content\/uploads\/2020\/06\/1-Ambulancia-Recomendada-300x225.jpg 300w, https:\/\/cacstac.org\/wp-content\/uploads\/2020\/06\/1-Ambulancia-Recomendada-768x576.jpg 768w\" sizes=\"(max-width: 960px) 100vw, 960px\" \/>\t\t\t\t\t\t\t\t\t\t\t\t\t\t\t<\/div>\n\t\t\t\t<\/div>\n\t\t\t\t\t<\/div>\n\t\t<\/div>\n\t\t\t\t\t<\/div>\n\t\t<\/section>\n\t\t\t\t<\/div>","protected":false},"excerpt":{"rendered":"<p>Unidad M\u00e9dica Santa Teresita https:\/\/cacstac.org\/wp-content\/uploads\/2020\/06\/En-qu\u00e9-consiste-tu-trabajo-Parte-1-Final.mov \u00a0 La Cl\u00ednica tiene implementados los siguientes programas: Tuberculosis Pulmonar, Salud del adulto mayor (Cr\u00f3nico degenerativo). Vacunaci\u00f3n, Estimulaci\u00f3n temprana, Nutrici\u00f3n.\u00a0 Dentro del Programa de maternidad se llevan: Planificaci\u00f3n familiar, Citolog\u00eda, Control prenatal (s\u00f3lo dos controles al a\u00f1o), Partos ordinariamente no atendemos a menos que el producto est\u00e9 a punto de [&hellip;]<\/p>\n","protected":false},"author":1,"featured_media":0,"parent":0,"menu_order":0,"comment_status":"closed","ping_status":"closed","template":"","meta":{"give_campaign_id":0,"site-sidebar-layout":"no-sidebar","site-content-layout":"page-builder","ast-site-content-layout":"default","site-content-style":"default","site-sidebar-style":"default","ast-global-header-display":"","ast-banner-title-visibility":"","ast-main-header-display":"","ast-hfb-above-header-display":"","ast-hfb-below-header-display":"","ast-hfb-mobile-header-display":"","site-post-title":"disabled","ast-breadcrumbs-content":"","ast-featured-img":"disabled","footer-sml-layout":"","ast-disable-related-posts":"","theme-transparent-header-meta":"default","adv-header-id-meta":"","stick-header-meta":"","header-above-stick-meta":"","header-main-stick-meta":"","header-below-stick-meta":"","astra-migrate-meta-layouts":"default","ast-page-background-enabled":"default","ast-page-background-meta":{"desktop":{"background-color":"","background-image":"","background-repeat":"repeat","background-position":"center center","background-size":"auto","background-attachment":"scroll","background-type":"","background-media":"","overlay-type":"","overlay-color":"","overlay-opacity":"","overlay-gradient":""},"tablet":{"background-color":"","background-image":"","background-repeat":"repeat","background-position":"center center","background-size":"auto","background-attachment":"scroll","background-type":"","background-media":"","overlay-type":"","overlay-color":"","overlay-opacity":"","overlay-gradient":""},"mobile":{"background-color":"","background-image":"","background-repeat":"repeat","background-position":"center center","background-size":"auto","background-attachment":"scroll","background-type":"","background-media":"","overlay-type":"","overlay-color":"","overlay-opacity":"","overlay-gradient":""}},"ast-content-background-meta":{"desktop":{"background-color":"var(--ast-global-color-5)","background-image":"","background-repeat":"repeat","background-position":"center center","background-size":"auto","background-attachment":"scroll","background-type":"","background-media":"","overlay-type":"","overlay-color":"","overlay-opacity":"","overlay-gradient":""},"tablet":{"background-color":"var(--ast-global-color-5)","background-image":"","background-repeat":"repeat","background-position":"center center","background-size":"auto","background-attachment":"scroll","background-type":"","background-media":"","overlay-type":"","overlay-color":"","overlay-opacity":"","overlay-gradient":""},"mobile":{"background-color":"var(--ast-global-color-5)","background-image":"","background-repeat":"repeat","background-position":"center center","background-size":"auto","background-attachment":"scroll","background-type":"","background-media":"","overlay-type":"","overlay-color":"","overlay-opacity":"","overlay-gradient":""}},"footnotes":""},"class_list":["post-1309","page","type-page","status-publish","hentry"],"campaignId":"","_links":{"self":[{"href":"https:\/\/cacstac.org\/en\/wp-json\/wp\/v2\/pages\/1309","targetHints":{"allow":["GET"]}}],"collection":[{"href":"https:\/\/cacstac.org\/en\/wp-json\/wp\/v2\/pages"}],"about":[{"href":"https:\/\/cacstac.org\/en\/wp-json\/wp\/v2\/types\/page"}],"author":[{"embeddable":true,"href":"https:\/\/cacstac.org\/en\/wp-json\/wp\/v2\/users\/1"}],"replies":[{"embeddable":true,"href":"https:\/\/cacstac.org\/en\/wp-json\/wp\/v2\/comments?post=1309"}],"version-history":[{"count":9,"href":"https:\/\/cacstac.org\/en\/wp-json\/wp\/v2\/pages\/1309\/revisions"}],"predecessor-version":[{"id":1414,"href":"https:\/\/cacstac.org\/en\/wp-json\/wp\/v2\/pages\/1309\/revisions\/1414"}],"wp:attachment":[{"href":"https:\/\/cacstac.org\/en\/wp-json\/wp\/v2\/media?parent=1309"}],"curies":[{"name":"wp","href":"https:\/\/api.w.org\/{rel}","templated":true}]}}